{"id":322,"date":"2014-02-12T18:24:45","date_gmt":"2014-02-12T18:24:45","guid":{"rendered":"http:\/\/cimeaventures.com\/?page_id=322"},"modified":"2024-07-31T10:16:24","modified_gmt":"2024-07-31T15:16:24","slug":"accommodation","status":"publish","type":"page","link":"https:\/\/cimeaventure.com\/en\/accommodation\/","title":{"rendered":"Lodging"},"content":{"rendered":"<h3>Planning a camping trip in the Gaspe?<\/h3>\n<p>Enjoy a campsite with shelter or camp in a tipi by the Bonaventure river!<\/p>\n<h3>On a comfortable gettaway?<\/h3>\n<p>Pick an family cabin with private bathroom on stilts for a comfortable and unusual night in the forest.<\/p>\n<h3>Staying at our campground includes:<\/h3>\n<ul>\n<li>Kids playground<\/li>\n<li>Communal riverview picknick area and covered space<\/li>\n<li>Free laundromat<\/li>\n<li>Wifi access almost everywhere<\/li>\n<li>Bonaventure river access<\/li>\n<\/ul>\n<h3>Travelling with your pet?<\/h3>\n<ul>\n<li>Pets are welcome in many of our lodging units, details are on the map and in each individual description of units.<\/li>\n<\/ul>\n<p><a href=\"https:\/\/cimeaventure.com\/wp-content\/uploads\/2021\/04\/carteEN-scaled.jpg\"><img loading=\"lazy\" decoding=\"async\" class=\"alignnone wp-image-42447 size-large\" src=\"https:\/\/cime-aventures.nyc3.cdn.digitaloceanspaces.com\/2014\/04\/CIME-plan-du-site-2022-site-web-EN-774x1024.jpg\" alt=\"\" width=\"774\" height=\"1024\" srcset=\"https:\/\/cimeaventure.com\/wp-content\/uploads\/2014\/04\/CIME-plan-du-site-2022-site-web-EN-774x1024.jpg 774w, https:\/\/cimeaventure.com\/wp-content\/uploads\/2014\/04\/CIME-plan-du-site-2022-site-web-EN-227x300.jpg 227w, https:\/\/cimeaventure.com\/wp-content\/uploads\/2014\/04\/CIME-plan-du-site-2022-site-web-EN-768x1016.jpg 768w, https:\/\/cimeaventure.com\/wp-content\/uploads\/2014\/04\/CIME-plan-du-site-2022-site-web-EN.jpg 816w\" sizes=\"(max-width: 774px) 100vw, 774px\" \/><\/a><\/p>\n","protected":false},"excerpt":{"rendered":"<p>Planning a camping trip in the Gaspe? Enjoy a campsite with shelter or camp in a tipi by the Bonaventure [&hellip;]<\/p>\n","protected":false},"author":1,"featured_media":0,"parent":0,"menu_order":27,"comment_status":"closed","ping_status":"closed","template":"page-templates\/dormir.php","meta":{"_acf_changed":false,"footnotes":""},"acf":[],"yoast_head":"<!-- This site is optimized with the Yoast SEO plugin v22.8 - https:\/\/yoast.com\/wordpress\/plugins\/seo\/ -->\n<title>Unusual lodging Gaspe: ecolodge camping tipi yurt<\/title>\n<meta name=\"description\" content=\"The place to stay in Bonaventure, Gaspesie!\" \/>\n<meta name=\"robots\" content=\"index, follow, max-snippet:-1, max-image-preview:large, max-video-preview:-1\" \/>\n<link rel=\"canonical\" href=\"https:\/\/cimeaventure.com\/en\/accommodation\/\" \/>\n<meta property=\"og:locale\" content=\"en_US\" \/>\n<meta property=\"og:type\" content=\"article\" \/>\n<meta property=\"og:title\" content=\"Unusual lodging Gaspe: ecolodge camping tipi yurt\" \/>\n<meta property=\"og:description\" content=\"The place to stay in Bonaventure, Gaspesie!\" \/>\n<meta property=\"og:url\" content=\"https:\/\/cimeaventure.com\/en\/accommodation\/\" \/>\n<meta property=\"og:site_name\" content=\"CIME Aventures\" \/>\n<meta property=\"article:publisher\" content=\"https:\/\/www.facebook.com\/cimeaventures\" \/>\n<meta property=\"article:modified_time\" content=\"2024-07-31T15:16:24+00:00\" \/>\n<meta property=\"og:image\" content=\"https:\/\/cime-aventures.nyc3.cdn.digitaloceanspaces.com\/2014\/04\/CIME-plan-du-site-2022-site-web-EN-774x1024.jpg\" \/>\n<meta name=\"twitter:card\" content=\"summary_large_image\" \/>\n<meta name=\"twitter:site\" content=\"@CimeAventures\" \/>\n<meta name=\"twitter:label1\" content=\"Est. reading time\" \/>\n\t<meta name=\"twitter:data1\" content=\"1 minute\" \/>\n<script type=\"application\/ld+json\" class=\"yoast-schema-graph\">{\"@context\":\"https:\/\/schema.org\",\"@graph\":[{\"@type\":\"WebPage\",\"@id\":\"https:\/\/cimeaventure.com\/en\/accommodation\/\",\"url\":\"https:\/\/cimeaventure.com\/en\/accommodation\/\",\"name\":\"Unusual lodging Gaspe: ecolodge camping tipi yurt\",\"isPartOf\":{\"@id\":\"https:\/\/cimeaventure.com\/en\/#website\"},\"primaryImageOfPage\":{\"@id\":\"https:\/\/cimeaventure.com\/en\/accommodation\/#primaryimage\"},\"image\":{\"@id\":\"https:\/\/cimeaventure.com\/en\/accommodation\/#primaryimage\"},\"thumbnailUrl\":\"https:\/\/cime-aventures.nyc3.cdn.digitaloceanspaces.com\/2014\/04\/CIME-plan-du-site-2022-site-web-EN-774x1024.jpg\",\"datePublished\":\"2014-02-12T18:24:45+00:00\",\"dateModified\":\"2024-07-31T15:16:24+00:00\",\"description\":\"The place to stay in Bonaventure, Gaspesie!\",\"breadcrumb\":{\"@id\":\"https:\/\/cimeaventure.com\/en\/accommodation\/#breadcrumb\"},\"inLanguage\":\"en-US\",\"potentialAction\":[{\"@type\":\"ReadAction\",\"target\":[\"https:\/\/cimeaventure.com\/en\/accommodation\/\"]}]},{\"@type\":\"ImageObject\",\"inLanguage\":\"en-US\",\"@id\":\"https:\/\/cimeaventure.com\/en\/accommodation\/#primaryimage\",\"url\":\"https:\/\/cime-aventures.nyc3.cdn.digitaloceanspaces.com\/2014\/04\/CIME-plan-du-site-2022-site-web-EN-774x1024.jpg\",\"contentUrl\":\"https:\/\/cime-aventures.nyc3.cdn.digitaloceanspaces.com\/2014\/04\/CIME-plan-du-site-2022-site-web-EN-774x1024.jpg\"},{\"@type\":\"BreadcrumbList\",\"@id\":\"https:\/\/cimeaventure.com\/en\/accommodation\/#breadcrumb\",\"itemListElement\":[{\"@type\":\"ListItem\",\"position\":1,\"name\":\"Home\",\"item\":\"https:\/\/cimeaventure.com\/en\/\"},{\"@type\":\"ListItem\",\"position\":2,\"name\":\"Lodging\"}]},{\"@type\":\"WebSite\",\"@id\":\"https:\/\/cimeaventure.com\/en\/#website\",\"url\":\"https:\/\/cimeaventure.com\/en\/\",\"name\":\"CIME Aventures\",\"description\":\"Centre de vill\u00e9giature sur la rivi\u00e8re Bonaventure en Gasp\u00e9sie\",\"publisher\":{\"@id\":\"https:\/\/cimeaventure.com\/en\/#organization\"},\"potentialAction\":[{\"@type\":\"SearchAction\",\"target\":{\"@type\":\"EntryPoint\",\"urlTemplate\":\"https:\/\/cimeaventure.com\/en\/?s={search_term_string}\"},\"query-input\":\"required name=search_term_string\"}],\"inLanguage\":\"en-US\"},{\"@type\":\"Organization\",\"@id\":\"https:\/\/cimeaventure.com\/en\/#organization\",\"name\":\"CIME Aventures\",\"url\":\"https:\/\/cimeaventure.com\/en\/\",\"logo\":{\"@type\":\"ImageObject\",\"inLanguage\":\"en-US\",\"@id\":\"https:\/\/cimeaventure.com\/en\/#\/schema\/logo\/image\/\",\"url\":\"https:\/\/cime-aventures.nyc3.digitaloceanspaces.com\/2024\/03\/logo-square-1.jpg\",\"contentUrl\":\"https:\/\/cime-aventures.nyc3.digitaloceanspaces.com\/2024\/03\/logo-square-1.jpg\",\"width\":633,\"height\":632,\"caption\":\"CIME Aventures\"},\"image\":{\"@id\":\"https:\/\/cimeaventure.com\/en\/#\/schema\/logo\/image\/\"},\"sameAs\":[\"https:\/\/www.facebook.com\/cimeaventures\",\"https:\/\/x.com\/CimeAventures\",\"https:\/\/www.youtube.com\/user\/CimeAventure\"]}]}<\/script>\n<!-- \/ Yoast SEO plugin. -->","yoast_head_json":{"title":"Unusual lodging Gaspe: ecolodge camping tipi yurt","description":"The place to stay in Bonaventure, Gaspesie!","robots":{"index":"index","follow":"follow","max-snippet":"max-snippet:-1","max-image-preview":"max-image-preview:large","max-video-preview":"max-video-preview:-1"},"canonical":"https:\/\/cimeaventure.com\/en\/accommodation\/","og_locale":"en_US","og_type":"article","og_title":"Unusual lodging Gaspe: ecolodge camping tipi yurt","og_description":"The place to stay in Bonaventure, Gaspesie!","og_url":"https:\/\/cimeaventure.com\/en\/accommodation\/","og_site_name":"CIME Aventures","article_publisher":"https:\/\/www.facebook.com\/cimeaventures","article_modified_time":"2024-07-31T15:16:24+00:00","og_image":[{"url":"https:\/\/cime-aventures.nyc3.cdn.digitaloceanspaces.com\/2014\/04\/CIME-plan-du-site-2022-site-web-EN-774x1024.jpg"}],"twitter_card":"summary_large_image","twitter_site":"@CimeAventures","twitter_misc":{"Est. reading time":"1 minute"},"schema":{"@context":"https:\/\/schema.org","@graph":[{"@type":"WebPage","@id":"https:\/\/cimeaventure.com\/en\/accommodation\/","url":"https:\/\/cimeaventure.com\/en\/accommodation\/","name":"Unusual lodging Gaspe: ecolodge camping tipi yurt","isPartOf":{"@id":"https:\/\/cimeaventure.com\/en\/#website"},"primaryImageOfPage":{"@id":"https:\/\/cimeaventure.com\/en\/accommodation\/#primaryimage"},"image":{"@id":"https:\/\/cimeaventure.com\/en\/accommodation\/#primaryimage"},"thumbnailUrl":"https:\/\/cime-aventures.nyc3.cdn.digitaloceanspaces.com\/2014\/04\/CIME-plan-du-site-2022-site-web-EN-774x1024.jpg","datePublished":"2014-02-12T18:24:45+00:00","dateModified":"2024-07-31T15:16:24+00:00","description":"The place to stay in Bonaventure, Gaspesie!","breadcrumb":{"@id":"https:\/\/cimeaventure.com\/en\/accommodation\/#breadcrumb"},"inLanguage":"en-US","potentialAction":[{"@type":"ReadAction","target":["https:\/\/cimeaventure.com\/en\/accommodation\/"]}]},{"@type":"ImageObject","inLanguage":"en-US","@id":"https:\/\/cimeaventure.com\/en\/accommodation\/#primaryimage","url":"https:\/\/cime-aventures.nyc3.cdn.digitaloceanspaces.com\/2014\/04\/CIME-plan-du-site-2022-site-web-EN-774x1024.jpg","contentUrl":"https:\/\/cime-aventures.nyc3.cdn.digitaloceanspaces.com\/2014\/04\/CIME-plan-du-site-2022-site-web-EN-774x1024.jpg"},{"@type":"BreadcrumbList","@id":"https:\/\/cimeaventure.com\/en\/accommodation\/#breadcrumb","itemListElement":[{"@type":"ListItem","position":1,"name":"Home","item":"https:\/\/cimeaventure.com\/en\/"},{"@type":"ListItem","position":2,"name":"Lodging"}]},{"@type":"WebSite","@id":"https:\/\/cimeaventure.com\/en\/#website","url":"https:\/\/cimeaventure.com\/en\/","name":"CIME Aventures","description":"Centre de vill\u00e9giature sur la rivi\u00e8re Bonaventure en Gasp\u00e9sie","publisher":{"@id":"https:\/\/cimeaventure.com\/en\/#organization"},"potentialAction":[{"@type":"SearchAction","target":{"@type":"EntryPoint","urlTemplate":"https:\/\/cimeaventure.com\/en\/?s={search_term_string}"},"query-input":"required name=search_term_string"}],"inLanguage":"en-US"},{"@type":"Organization","@id":"https:\/\/cimeaventure.com\/en\/#organization","name":"CIME Aventures","url":"https:\/\/cimeaventure.com\/en\/","logo":{"@type":"ImageObject","inLanguage":"en-US","@id":"https:\/\/cimeaventure.com\/en\/#\/schema\/logo\/image\/","url":"https:\/\/cime-aventures.nyc3.digitaloceanspaces.com\/2024\/03\/logo-square-1.jpg","contentUrl":"https:\/\/cime-aventures.nyc3.digitaloceanspaces.com\/2024\/03\/logo-square-1.jpg","width":633,"height":632,"caption":"CIME Aventures"},"image":{"@id":"https:\/\/cimeaventure.com\/en\/#\/schema\/logo\/image\/"},"sameAs":["https:\/\/www.facebook.com\/cimeaventures","https:\/\/x.com\/CimeAventures","https:\/\/www.youtube.com\/user\/CimeAventure"]}]}},"_links":{"self":[{"href":"https:\/\/cimeaventure.com\/en\/wp-json\/wp\/v2\/pages\/322"}],"collection":[{"href":"https:\/\/cimeaventure.com\/en\/wp-json\/wp\/v2\/pages"}],"about":[{"href":"https:\/\/cimeaventure.com\/en\/wp-json\/wp\/v2\/types\/page"}],"author":[{"embeddable":true,"href":"https:\/\/cimeaventure.com\/en\/wp-json\/wp\/v2\/users\/1"}],"replies":[{"embeddable":true,"href":"https:\/\/cimeaventure.com\/en\/wp-json\/wp\/v2\/comments?post=322"}],"version-history":[{"count":5,"href":"https:\/\/cimeaventure.com\/en\/wp-json\/wp\/v2\/pages\/322\/revisions"}],"predecessor-version":[{"id":43775,"href":"https:\/\/cimeaventure.com\/en\/wp-json\/wp\/v2\/pages\/322\/revisions\/43775"}],"wp:attachment":[{"href":"https:\/\/cimeaventure.com\/en\/wp-json\/wp\/v2\/media?parent=322"}],"curies":[{"name":"wp","href":"https:\/\/api.w.org\/{rel}","templated":true}]}}