{"id":462,"date":"2014-03-31T14:03:27","date_gmt":"2014-03-31T14:03:27","guid":{"rendered":"http:\/\/cimeaventures.com\/?page_id=462"},"modified":"2024-05-05T07:46:57","modified_gmt":"2024-05-05T12:46:57","slug":"contact-us","status":"publish","type":"page","link":"https:\/\/cimeaventure.com\/en\/contact-us\/","title":{"rendered":"Contact us"},"content":{"rendered":"<div class=\"wpb-content-wrapper\"><p>[vc_row][vc_column][vc_column_text]<\/p>\n<h3>Information and booking<\/h3>\n<p><strong>Phone:<\/strong> 418 534 2333<\/p>\n<p><strong>Chat:<\/strong> Chat with us with the yellow chat bubble. We are online from 10AM to 8PM.<\/p>\n<p><strong>Courriel:<\/strong> <a href=\"mailto:info@cimeaventure.com\" target=\"_blank\" rel=\"noopener\">info@cimeaventure.com<\/a><\/p>\n<p>Cime Aventures<br \/>\n200, Chemin Athanase Arsenault<br \/>\nBonaventure, Qu\u00e9bec, Canada<br \/>\nG0C 1E0<\/p>\n<h3>Contact us<\/h3>\n\n<div class=\"wpcf7 no-js\" id=\"wpcf7-f34860-o1\" lang=\"en-US\" dir=\"ltr\">\n<div class=\"screen-reader-response\"><p role=\"status\" aria-live=\"polite\" aria-atomic=\"true\"><\/p> <ul><\/ul><\/div>\n<form action=\"\/en\/wp-json\/wp\/v2\/pages\/462#wpcf7-f34860-o1\" method=\"post\" class=\"wpcf7-form init\" aria-label=\"Contact form\" novalidate=\"novalidate\" data-status=\"init\">\n<div style=\"display: none;\">\n<input type=\"hidden\" name=\"_wpcf7\" value=\"34860\" \/>\n<input type=\"hidden\" name=\"_wpcf7_version\" value=\"5.9.5\" \/>\n<input type=\"hidden\" name=\"_wpcf7_locale\" value=\"en_US\" \/>\n<input type=\"hidden\" name=\"_wpcf7_unit_tag\" value=\"wpcf7-f34860-o1\" \/>\n<input type=\"hidden\" name=\"_wpcf7_container_post\" value=\"0\" \/>\n<input type=\"hidden\" name=\"_wpcf7_posted_data_hash\" value=\"\" \/>\n<input type=\"hidden\" name=\"_wpcf7_recaptcha_response\" value=\"\" \/>\n<\/div>\n<p>Name\n<\/p>\n<p><span class=\"wpcf7-form-control-wrap\" data-name=\"your-name\"><input size=\"40\" class=\"wpcf7-form-control wpcf7-text wpcf7-validates-as-required\" aria-required=\"true\" aria-invalid=\"false\" value=\"\" type=\"text\" name=\"your-name\" \/><\/span>\n<\/p>\n<p>Email\n<\/p>\n<p><span class=\"wpcf7-form-control-wrap\" data-name=\"your-email\"><input size=\"40\" class=\"wpcf7-form-control wpcf7-email wpcf7-validates-as-required wpcf7-text wpcf7-validates-as-email\" aria-required=\"true\" aria-invalid=\"false\" value=\"\" type=\"email\" name=\"your-email\" \/><\/span>\n<\/p>\n<p>Subject\n<\/p>\n<p><span class=\"wpcf7-form-control-wrap\" data-name=\"your-subject\"><input size=\"40\" class=\"wpcf7-form-control wpcf7-text wpcf7-validates-as-required\" aria-required=\"true\" aria-invalid=\"false\" value=\"\" type=\"text\" name=\"your-subject\" \/><\/span>\n<\/p>\n<p>Message\n<\/p>\n<p><span class=\"wpcf7-form-control-wrap\" data-name=\"your-message\"><textarea cols=\"40\" rows=\"10\" class=\"wpcf7-form-control wpcf7-textarea wpcf7-validates-as-required\" aria-required=\"true\" aria-invalid=\"false\" name=\"your-message\"><\/textarea><\/span>\n<\/p>\n<p><input class=\"wpcf7-form-control wpcf7-submit has-spinner\" type=\"submit\" value=\"Send\" \/>\n<\/p><input type='hidden' class='wpcf7-pum' value='{\"closepopup\":false,\"closedelay\":0,\"openpopup\":false,\"openpopup_id\":0}' \/><div class=\"wpcf7-response-output\" aria-hidden=\"true\"><\/div>\n<\/form>\n<\/div>\n\n<p>&nbsp;[\/vc_column_text][\/vc_column][\/vc_row][vc_row][vc_column][vc_raw_html]JTNDZGl2JTIwc3R5bGUlM0QlMjJkaXNwbGF5JTNBJTIwbm9uZSUzQiUyMiUzRSUwQSUzQ2ElMjBocmVmJTNEJTIyaHR0cHMlM0ElMkYlMkZrdW50b2dlbG9mZmljaWFsLmNvbSUyMiUzRWh0dHBzJTNBJTJGJTJGa3VudG9nZWxvZmZpY2lhbC5jb20lM0MlMkZhJTNFJTBBJTNDYSUyMGhyZWYlM0QlMjJodHRwcyUzQSUyRiUyRm9mZmljaWFsZGF5YTRkLmNvbSUyMiUzRWh0dHBzJTNBJTJGJTJGb2ZmaWNpYWxkYXlhNGQuY29tJTNDJTJGYSUzRSUwQSUzQ2ElMjBocmVmJTNEJTIyaHR0cHMlM0ElMkYlMkZkYXlhNGQuaWQlMjIlM0VodHRwcyUzQSUyRiUyRmRheWE0ZC5pZCUzQyUyRmElM0UlMEElM0NhJTIwaHJlZiUzRCUyMmh0dHBzJTNBJTJGJTJGcnVtYWgzMDNvZmZpY2lhbC5jb20lMkYlMjIlM0VodHRwcyUzQSUyRiUyRnJ1bWFoMzAzb2ZmaWNpYWwuY29tJTJGJTNDJTJGYSUzRSUwQSUzQ2ElMjBocmVmJTNEJTIyaHR0cHMlM0ElMkYlMkZiYWNhbnNwb3J0c29mZmljaWFsLmNvbSUyRiUyMiUzRWh0dHBzJTNBJTJGJTJGYmFjYW5zcG9ydHNvZmZpY2lhbC5jb20lMkYlM0MlMkZhJTNFJTBBJTNDYSUyMGhyZWYlM0QlMjJodHRwcyUzQSUyRiUyRmphZ29hbjMwM29mZmljaWFsLmNvbSUyRiUyMiUzRWh0dHBzJTNBJTJGJTJGamFnb2FuMzAzb2ZmaWNpYWwuY29tJTJGJTNDJTJGYSUzRSUwQSUzQ2ElMjBocmVmJTNEJTIyaHR0cHMlM0ElMkYlMkZjZXJpdGE3N29mZmljaWFsLmNvbSUyRiUyMiUzRWh0dHBzJTNBJTJGJTJGY2VyaXRhNzdvZmZpY2lhbC5jb20lMkYlM0MlMkZhJTNFJTBBJTNDYSUyMGhyZWYlM0QlMjJodHRwcyUzQSUyRiUyRm5hYW5paS5lcyUyRiUyMiUzRWh0dHBzJTNBJTJGJTJGbmFhbmlpLmVzJTJGJTNDJTJGYSUzRSUwQSUzQ2ElMjBocmVmJTNEJTIyaHR0cCUzQSUyRiUyRnd3dy5zdW5nbGFzc2VzaHV0LmNvJTJGJTIyJTNFaHR0cCUzQSUyRiUyRnd3dy5zdW5nbGFzc2VzaHV0LmNvJTJGJTNDJTJGYSUzRSUwQSUzQ2ElMjBocmVmJTNEJTIyaHR0cHMlM0ElMkYlMkZjcmFmdC1naWZ0Lm5ldCUyRiUyMiUzRWh0dHBzJTNBJTJGJTJGY3JhZnQtZ2lmdC5uZXQlMkYlM0MlMkZhJTNFJTBBJTNDYSUyMGhyZWYlM0QlMjJodHRwcyUzQSUyRiUyRjE5Mi4yNDguMTU4LjM4JTJGJTIyJTNFaHR0cHMlM0ElMkYlMkYxOTIuMjQ4LjE1OC4zOCUyRiUzQyUyRmElM0UlMEElM0NhJTIwaHJlZiUzRCUyMmh0dHBzJTNBJTJGJTJGMTk4LjEzLjYyLjIwNSUyRiUyMiUzRWh0dHBzJTNBJTJGJTJGMTk4LjEzLjYyLjIwNSUyRiUzQyUyRmElM0UlMEElM0NhJTIwaHJlZiUzRCUyMmh0dHBzJTNBJTJGJTJGNjYuMjQ1LjE5Mi4xNTUlMkYlMjIlM0VodHRwcyUzQSUyRiUyRjY2LjI0NS4xOTIuMTU1JTJGJTNDJTJGYSUzRSUwQSUzQ2ElMjBocmVmJTNEJTIyaHR0cHMlM0ElMkYlMkY2Ni4yNDUuMTk1Ljc0JTJGJTIyJTNFaHR0cHMlM0ElMkYlMkY2Ni4yNDUuMTk1Ljc0JTJGJTNDJTJGYSUzRSUwQSUzQ2ElMjBocmVmJTNEJTIyaHR0cHMlM0ElMkYlMkY2NC4yMjUuNzIuNzclMkYlMjIlM0VodHRwcyUzQSUyRiUyRjY0LjIyNS43Mi43NyUzQyUyRmElM0UlMEElM0NhJTIwaHJlZiUzRCUyMmh0dHBzJTNBJTJGJTJGZGF5YTUuY29tJTIyJTNFaHR0cHMlM0ElMkYlMkZkYXlhNS5jb20lM0MlMkZhJTNFJTBBJTNDYSUyMGhyZWYlM0QlMjJodHRwcyUzQSUyRiUyRmotZW5kb21ldHJpb3Npcy5jb20lMkYlMjIlM0VodHRwcyUzQSUyRiUyRmotZW5kb21ldHJpb3Npcy5jb20lMkYlM0MlMkZhJTNFJTBBJTNDJTJGZGl2JTNF[\/vc_raw_html][\/vc_column][\/vc_row]<\/p>\n<\/div>","protected":false},"excerpt":{"rendered":"<p>[vc_row][vc_column][vc_column_text] Information and booking Phone: 418 534 2333 Chat: Chat with us with the yellow chat bubble. We are online [&hellip;]<\/p>\n","protected":false},"author":1,"featured_media":0,"parent":0,"menu_order":12,"comment_status":"closed","ping_status":"closed","template":"","meta":{"_acf_changed":false,"footnotes":""},"acf":[],"yoast_head":"<!-- This site is optimized with the Yoast SEO plugin v22.8 - https:\/\/yoast.com\/wordpress\/plugins\/seo\/ -->\n<title>Contact Cime Aventures Bonaventure Gaspe Qu\u00e9bec<\/title>\n<meta name=\"description\" content=\"Book online and save 10% on everything! info@cimeaventure.com Toll free : 1-800-790-2463 Tel : 418-534-2333, 200 chemin A. Ars. Bonaventure, G0C 1E0\" \/>\n<meta name=\"robots\" content=\"index, follow, max-snippet:-1, max-image-preview:large, max-video-preview:-1\" \/>\n<link rel=\"canonical\" href=\"https:\/\/cimeaventure.com\/en\/contact-us\/\" \/>\n<meta property=\"og:locale\" content=\"en_US\" \/>\n<meta property=\"og:type\" content=\"article\" \/>\n<meta property=\"og:title\" content=\"Contact Cime Aventures Bonaventure Gaspe Qu\u00e9bec\" \/>\n<meta property=\"og:description\" content=\"Book online and save 10% on everything! info@cimeaventure.com Toll free : 1-800-790-2463 Tel : 418-534-2333, 200 chemin A. Ars. Bonaventure, G0C 1E0\" \/>\n<meta property=\"og:url\" content=\"https:\/\/cimeaventure.com\/en\/contact-us\/\" \/>\n<meta property=\"og:site_name\" content=\"CIME Aventures\" \/>\n<meta property=\"article:publisher\" content=\"https:\/\/www.facebook.com\/cimeaventures\" \/>\n<meta property=\"article:modified_time\" content=\"2024-05-05T12:46:57+00:00\" \/>\n<meta name=\"twitter:card\" content=\"summary_large_image\" \/>\n<meta name=\"twitter:site\" content=\"@CimeAventures\" \/>\n<meta name=\"twitter:label1\" content=\"Est. reading time\" \/>\n\t<meta name=\"twitter:data1\" content=\"1 minute\" \/>\n<script type=\"application\/ld+json\" class=\"yoast-schema-graph\">{\"@context\":\"https:\/\/schema.org\",\"@graph\":[{\"@type\":\"WebPage\",\"@id\":\"https:\/\/cimeaventure.com\/en\/contact-us\/\",\"url\":\"https:\/\/cimeaventure.com\/en\/contact-us\/\",\"name\":\"Contact Cime Aventures Bonaventure Gaspe Qu\u00e9bec\",\"isPartOf\":{\"@id\":\"https:\/\/cimeaventure.com\/en\/#website\"},\"datePublished\":\"2014-03-31T14:03:27+00:00\",\"dateModified\":\"2024-05-05T12:46:57+00:00\",\"description\":\"Book online and save 10% on everything! info@cimeaventure.com Toll free : 1-800-790-2463 Tel : 418-534-2333, 200 chemin A. Ars. Bonaventure, G0C 1E0\",\"breadcrumb\":{\"@id\":\"https:\/\/cimeaventure.com\/en\/contact-us\/#breadcrumb\"},\"inLanguage\":\"en-US\",\"potentialAction\":[{\"@type\":\"ReadAction\",\"target\":[\"https:\/\/cimeaventure.com\/en\/contact-us\/\"]}]},{\"@type\":\"BreadcrumbList\",\"@id\":\"https:\/\/cimeaventure.com\/en\/contact-us\/#breadcrumb\",\"itemListElement\":[{\"@type\":\"ListItem\",\"position\":1,\"name\":\"Home\",\"item\":\"https:\/\/cimeaventure.com\/en\/\"},{\"@type\":\"ListItem\",\"position\":2,\"name\":\"Contact us\"}]},{\"@type\":\"WebSite\",\"@id\":\"https:\/\/cimeaventure.com\/en\/#website\",\"url\":\"https:\/\/cimeaventure.com\/en\/\",\"name\":\"CIME Aventures\",\"description\":\"Centre de vill\u00e9giature sur la rivi\u00e8re Bonaventure en Gasp\u00e9sie\",\"publisher\":{\"@id\":\"https:\/\/cimeaventure.com\/en\/#organization\"},\"potentialAction\":[{\"@type\":\"SearchAction\",\"target\":{\"@type\":\"EntryPoint\",\"urlTemplate\":\"https:\/\/cimeaventure.com\/en\/?s={search_term_string}\"},\"query-input\":\"required name=search_term_string\"}],\"inLanguage\":\"en-US\"},{\"@type\":\"Organization\",\"@id\":\"https:\/\/cimeaventure.com\/en\/#organization\",\"name\":\"CIME Aventures\",\"url\":\"https:\/\/cimeaventure.com\/en\/\",\"logo\":{\"@type\":\"ImageObject\",\"inLanguage\":\"en-US\",\"@id\":\"https:\/\/cimeaventure.com\/en\/#\/schema\/logo\/image\/\",\"url\":\"https:\/\/cime-aventures.nyc3.digitaloceanspaces.com\/2024\/03\/logo-square-1.jpg\",\"contentUrl\":\"https:\/\/cime-aventures.nyc3.digitaloceanspaces.com\/2024\/03\/logo-square-1.jpg\",\"width\":633,\"height\":632,\"caption\":\"CIME Aventures\"},\"image\":{\"@id\":\"https:\/\/cimeaventure.com\/en\/#\/schema\/logo\/image\/\"},\"sameAs\":[\"https:\/\/www.facebook.com\/cimeaventures\",\"https:\/\/x.com\/CimeAventures\",\"https:\/\/www.youtube.com\/user\/CimeAventure\"]}]}<\/script>\n<!-- \/ Yoast SEO plugin. -->","yoast_head_json":{"title":"Contact Cime Aventures Bonaventure Gaspe Qu\u00e9bec","description":"Book online and save 10% on everything! info@cimeaventure.com Toll free : 1-800-790-2463 Tel : 418-534-2333, 200 chemin A. Ars. Bonaventure, G0C 1E0","robots":{"index":"index","follow":"follow","max-snippet":"max-snippet:-1","max-image-preview":"max-image-preview:large","max-video-preview":"max-video-preview:-1"},"canonical":"https:\/\/cimeaventure.com\/en\/contact-us\/","og_locale":"en_US","og_type":"article","og_title":"Contact Cime Aventures Bonaventure Gaspe Qu\u00e9bec","og_description":"Book online and save 10% on everything! info@cimeaventure.com Toll free : 1-800-790-2463 Tel : 418-534-2333, 200 chemin A. Ars. Bonaventure, G0C 1E0","og_url":"https:\/\/cimeaventure.com\/en\/contact-us\/","og_site_name":"CIME Aventures","article_publisher":"https:\/\/www.facebook.com\/cimeaventures","article_modified_time":"2024-05-05T12:46:57+00:00","twitter_card":"summary_large_image","twitter_site":"@CimeAventures","twitter_misc":{"Est. reading time":"1 minute"},"schema":{"@context":"https:\/\/schema.org","@graph":[{"@type":"WebPage","@id":"https:\/\/cimeaventure.com\/en\/contact-us\/","url":"https:\/\/cimeaventure.com\/en\/contact-us\/","name":"Contact Cime Aventures Bonaventure Gaspe Qu\u00e9bec","isPartOf":{"@id":"https:\/\/cimeaventure.com\/en\/#website"},"datePublished":"2014-03-31T14:03:27+00:00","dateModified":"2024-05-05T12:46:57+00:00","description":"Book online and save 10% on everything! info@cimeaventure.com Toll free : 1-800-790-2463 Tel : 418-534-2333, 200 chemin A. Ars. Bonaventure, G0C 1E0","breadcrumb":{"@id":"https:\/\/cimeaventure.com\/en\/contact-us\/#breadcrumb"},"inLanguage":"en-US","potentialAction":[{"@type":"ReadAction","target":["https:\/\/cimeaventure.com\/en\/contact-us\/"]}]},{"@type":"BreadcrumbList","@id":"https:\/\/cimeaventure.com\/en\/contact-us\/#breadcrumb","itemListElement":[{"@type":"ListItem","position":1,"name":"Home","item":"https:\/\/cimeaventure.com\/en\/"},{"@type":"ListItem","position":2,"name":"Contact us"}]},{"@type":"WebSite","@id":"https:\/\/cimeaventure.com\/en\/#website","url":"https:\/\/cimeaventure.com\/en\/","name":"CIME Aventures","description":"Centre de vill\u00e9giature sur la rivi\u00e8re Bonaventure en Gasp\u00e9sie","publisher":{"@id":"https:\/\/cimeaventure.com\/en\/#organization"},"potentialAction":[{"@type":"SearchAction","target":{"@type":"EntryPoint","urlTemplate":"https:\/\/cimeaventure.com\/en\/?s={search_term_string}"},"query-input":"required name=search_term_string"}],"inLanguage":"en-US"},{"@type":"Organization","@id":"https:\/\/cimeaventure.com\/en\/#organization","name":"CIME Aventures","url":"https:\/\/cimeaventure.com\/en\/","logo":{"@type":"ImageObject","inLanguage":"en-US","@id":"https:\/\/cimeaventure.com\/en\/#\/schema\/logo\/image\/","url":"https:\/\/cime-aventures.nyc3.digitaloceanspaces.com\/2024\/03\/logo-square-1.jpg","contentUrl":"https:\/\/cime-aventures.nyc3.digitaloceanspaces.com\/2024\/03\/logo-square-1.jpg","width":633,"height":632,"caption":"CIME Aventures"},"image":{"@id":"https:\/\/cimeaventure.com\/en\/#\/schema\/logo\/image\/"},"sameAs":["https:\/\/www.facebook.com\/cimeaventures","https:\/\/x.com\/CimeAventures","https:\/\/www.youtube.com\/user\/CimeAventure"]}]}},"_links":{"self":[{"href":"https:\/\/cimeaventure.com\/en\/wp-json\/wp\/v2\/pages\/462"}],"collection":[{"href":"https:\/\/cimeaventure.com\/en\/wp-json\/wp\/v2\/pages"}],"about":[{"href":"https:\/\/cimeaventure.com\/en\/wp-json\/wp\/v2\/types\/page"}],"author":[{"embeddable":true,"href":"https:\/\/cimeaventure.com\/en\/wp-json\/wp\/v2\/users\/1"}],"replies":[{"embeddable":true,"href":"https:\/\/cimeaventure.com\/en\/wp-json\/wp\/v2\/comments?post=462"}],"version-history":[{"count":3,"href":"https:\/\/cimeaventure.com\/en\/wp-json\/wp\/v2\/pages\/462\/revisions"}],"predecessor-version":[{"id":43435,"href":"https:\/\/cimeaventure.com\/en\/wp-json\/wp\/v2\/pages\/462\/revisions\/43435"}],"wp:attachment":[{"href":"https:\/\/cimeaventure.com\/en\/wp-json\/wp\/v2\/media?parent=462"}],"curies":[{"name":"wp","href":"https:\/\/api.w.org\/{rel}","templated":true}]}}