{"id":520,"date":"2014-02-12T18:26:44","date_gmt":"2014-02-12T18:26:44","guid":{"rendered":"http:\/\/cimeaventures.com\/?page_id=520"},"modified":"2019-09-03T09:47:06","modified_gmt":"2019-09-03T14:47:06","slug":"the-site","status":"publish","type":"page","link":"https:\/\/cimeaventure.com\/en\/about\/why-cime-aventure\/the-site\/","title":{"rendered":"Campground <br>map"},"content":{"rendered":"<div id=\"attachment_36686\" style=\"width: 1710px\" class=\"wp-caption alignleft\"><a href=\"https:\/\/cimeaventure.com\/wp-content\/uploads\/2019\/09\/2019-carte-camping-plan-site-recto-verso_3-11.jpg\"><img loading=\"lazy\" decoding=\"async\" aria-describedby=\"caption-attachment-36686\" class=\"wp-image-36686 size-full\" src=\"https:\/\/cimeaventure.com\/wp-content\/uploads\/2019\/09\/2019-carte-camping-plan-site-recto-verso_3-11.jpg\" alt=\"The map of Cime Aventures in Bonaventure in Gaspesie\" width=\"1700\" height=\"2200\" srcset=\"https:\/\/cimeaventure.com\/wp-content\/uploads\/2019\/09\/2019-carte-camping-plan-site-recto-verso_3-11.jpg 1700w, https:\/\/cimeaventure.com\/wp-content\/uploads\/2019\/09\/2019-carte-camping-plan-site-recto-verso_3-11-232x300.jpg 232w, https:\/\/cimeaventure.com\/wp-content\/uploads\/2019\/09\/2019-carte-camping-plan-site-recto-verso_3-11-791x1024.jpg 791w, https:\/\/cimeaventure.com\/wp-content\/uploads\/2019\/09\/2019-carte-camping-plan-site-recto-verso_3-11-768x994.jpg 768w, https:\/\/cimeaventure.com\/wp-content\/uploads\/2019\/09\/2019-carte-camping-plan-site-recto-verso_3-11-1187x1536.jpg 1187w, https:\/\/cimeaventure.com\/wp-content\/uploads\/2019\/09\/2019-carte-camping-plan-site-recto-verso_3-11-1583x2048.jpg 1583w\" sizes=\"(max-width: 1700px) 100vw, 1700px\" \/><\/a><p id=\"caption-attachment-36686\" class=\"wp-caption-text\">Map of Cime Aventures<\/p><\/div>\n","protected":false},"excerpt":{"rendered":"Map of Cime Aventures","protected":false},"author":1,"featured_media":0,"parent":319,"menu_order":21,"comment_status":"closed","ping_status":"closed","template":"","meta":{"_acf_changed":false,"footnotes":""},"acf":[],"yoast_head":"<!-- This site is optimized with the Yoast SEO plugin v22.8 - https:\/\/yoast.com\/wordpress\/plugins\/seo\/ -->\n<title>Cime Aventure Camping Map - Bonaventure River - Gaspesie<\/title>\n<meta name=\"robots\" content=\"index, follow, max-snippet:-1, max-image-preview:large, max-video-preview:-1\" \/>\n<link rel=\"canonical\" href=\"https:\/\/cimeaventure.com\/en\/about\/why-cime-aventure\/the-site\/\" \/>\n<meta property=\"og:locale\" content=\"en_US\" \/>\n<meta property=\"og:type\" content=\"article\" \/>\n<meta property=\"og:title\" content=\"Cime Aventure Camping Map - Bonaventure River - Gaspesie\" \/>\n<meta property=\"og:url\" content=\"https:\/\/cimeaventure.com\/en\/about\/why-cime-aventure\/the-site\/\" \/>\n<meta property=\"og:site_name\" content=\"CIME Aventures\" \/>\n<meta property=\"article:publisher\" content=\"https:\/\/www.facebook.com\/cimeaventures\" \/>\n<meta property=\"article:modified_time\" content=\"2019-09-03T14:47:06+00:00\" \/>\n<meta property=\"og:image\" content=\"https:\/\/cimeaventure.com\/wp-content\/uploads\/2019\/09\/2019-carte-camping-plan-site-recto-verso_3-11.jpg\" \/>\n<meta name=\"twitter:card\" content=\"summary_large_image\" \/>\n<meta name=\"twitter:site\" content=\"@CimeAventures\" \/>\n<script type=\"application\/ld+json\" class=\"yoast-schema-graph\">{\"@context\":\"https:\/\/schema.org\",\"@graph\":[{\"@type\":\"WebPage\",\"@id\":\"https:\/\/cimeaventure.com\/en\/about\/why-cime-aventure\/the-site\/\",\"url\":\"https:\/\/cimeaventure.com\/en\/about\/why-cime-aventure\/the-site\/\",\"name\":\"Cime Aventure Camping Map - Bonaventure River - Gaspesie\",\"isPartOf\":{\"@id\":\"https:\/\/cimeaventure.com\/en\/#website\"},\"primaryImageOfPage\":{\"@id\":\"https:\/\/cimeaventure.com\/en\/about\/why-cime-aventure\/the-site\/#primaryimage\"},\"image\":{\"@id\":\"https:\/\/cimeaventure.com\/en\/about\/why-cime-aventure\/the-site\/#primaryimage\"},\"thumbnailUrl\":\"https:\/\/cimeaventure.com\/wp-content\/uploads\/2019\/09\/2019-carte-camping-plan-site-recto-verso_3-11.jpg\",\"datePublished\":\"2014-02-12T18:26:44+00:00\",\"dateModified\":\"2019-09-03T14:47:06+00:00\",\"breadcrumb\":{\"@id\":\"https:\/\/cimeaventure.com\/en\/about\/why-cime-aventure\/the-site\/#breadcrumb\"},\"inLanguage\":\"en-US\",\"potentialAction\":[{\"@type\":\"ReadAction\",\"target\":[\"https:\/\/cimeaventure.com\/en\/about\/why-cime-aventure\/the-site\/\"]}]},{\"@type\":\"ImageObject\",\"inLanguage\":\"en-US\",\"@id\":\"https:\/\/cimeaventure.com\/en\/about\/why-cime-aventure\/the-site\/#primaryimage\",\"url\":\"https:\/\/cimeaventure.com\/wp-content\/uploads\/2019\/09\/2019-carte-camping-plan-site-recto-verso_3-11.jpg\",\"contentUrl\":\"https:\/\/cimeaventure.com\/wp-content\/uploads\/2019\/09\/2019-carte-camping-plan-site-recto-verso_3-11.jpg\"},{\"@type\":\"BreadcrumbList\",\"@id\":\"https:\/\/cimeaventure.com\/en\/about\/why-cime-aventure\/the-site\/#breadcrumb\",\"itemListElement\":[{\"@type\":\"ListItem\",\"position\":1,\"name\":\"Home\",\"item\":\"https:\/\/cimeaventure.com\/en\/\"},{\"@type\":\"ListItem\",\"position\":2,\"name\":\"About\",\"item\":\"https:\/\/cimeaventure.com\/en\/about\/\"},{\"@type\":\"ListItem\",\"position\":3,\"name\":\"Cime Aventure\",\"item\":\"https:\/\/cimeaventure.com\/en\/about\/why-cime-aventure\/\"},{\"@type\":\"ListItem\",\"position\":4,\"name\":\"Campground map\"}]},{\"@type\":\"WebSite\",\"@id\":\"https:\/\/cimeaventure.com\/en\/#website\",\"url\":\"https:\/\/cimeaventure.com\/en\/\",\"name\":\"CIME Aventures\",\"description\":\"Centre de vill\u00e9giature sur la rivi\u00e8re Bonaventure en Gasp\u00e9sie\",\"publisher\":{\"@id\":\"https:\/\/cimeaventure.com\/en\/#organization\"},\"potentialAction\":[{\"@type\":\"SearchAction\",\"target\":{\"@type\":\"EntryPoint\",\"urlTemplate\":\"https:\/\/cimeaventure.com\/en\/?s={search_term_string}\"},\"query-input\":\"required name=search_term_string\"}],\"inLanguage\":\"en-US\"},{\"@type\":\"Organization\",\"@id\":\"https:\/\/cimeaventure.com\/en\/#organization\",\"name\":\"CIME Aventures\",\"url\":\"https:\/\/cimeaventure.com\/en\/\",\"logo\":{\"@type\":\"ImageObject\",\"inLanguage\":\"en-US\",\"@id\":\"https:\/\/cimeaventure.com\/en\/#\/schema\/logo\/image\/\",\"url\":\"https:\/\/cime-aventures.nyc3.digitaloceanspaces.com\/2024\/03\/logo-square-1.jpg\",\"contentUrl\":\"https:\/\/cime-aventures.nyc3.digitaloceanspaces.com\/2024\/03\/logo-square-1.jpg\",\"width\":633,\"height\":632,\"caption\":\"CIME Aventures\"},\"image\":{\"@id\":\"https:\/\/cimeaventure.com\/en\/#\/schema\/logo\/image\/\"},\"sameAs\":[\"https:\/\/www.facebook.com\/cimeaventures\",\"https:\/\/x.com\/CimeAventures\",\"https:\/\/www.youtube.com\/user\/CimeAventure\"]}]}<\/script>\n<!-- \/ Yoast SEO plugin. -->","yoast_head_json":{"title":"Cime Aventure Camping Map - Bonaventure River - Gaspesie","robots":{"index":"index","follow":"follow","max-snippet":"max-snippet:-1","max-image-preview":"max-image-preview:large","max-video-preview":"max-video-preview:-1"},"canonical":"https:\/\/cimeaventure.com\/en\/about\/why-cime-aventure\/the-site\/","og_locale":"en_US","og_type":"article","og_title":"Cime Aventure Camping Map - Bonaventure River - Gaspesie","og_url":"https:\/\/cimeaventure.com\/en\/about\/why-cime-aventure\/the-site\/","og_site_name":"CIME Aventures","article_publisher":"https:\/\/www.facebook.com\/cimeaventures","article_modified_time":"2019-09-03T14:47:06+00:00","og_image":[{"url":"https:\/\/cimeaventure.com\/wp-content\/uploads\/2019\/09\/2019-carte-camping-plan-site-recto-verso_3-11.jpg"}],"twitter_card":"summary_large_image","twitter_site":"@CimeAventures","schema":{"@context":"https:\/\/schema.org","@graph":[{"@type":"WebPage","@id":"https:\/\/cimeaventure.com\/en\/about\/why-cime-aventure\/the-site\/","url":"https:\/\/cimeaventure.com\/en\/about\/why-cime-aventure\/the-site\/","name":"Cime Aventure Camping Map - Bonaventure River - Gaspesie","isPartOf":{"@id":"https:\/\/cimeaventure.com\/en\/#website"},"primaryImageOfPage":{"@id":"https:\/\/cimeaventure.com\/en\/about\/why-cime-aventure\/the-site\/#primaryimage"},"image":{"@id":"https:\/\/cimeaventure.com\/en\/about\/why-cime-aventure\/the-site\/#primaryimage"},"thumbnailUrl":"https:\/\/cimeaventure.com\/wp-content\/uploads\/2019\/09\/2019-carte-camping-plan-site-recto-verso_3-11.jpg","datePublished":"2014-02-12T18:26:44+00:00","dateModified":"2019-09-03T14:47:06+00:00","breadcrumb":{"@id":"https:\/\/cimeaventure.com\/en\/about\/why-cime-aventure\/the-site\/#breadcrumb"},"inLanguage":"en-US","potentialAction":[{"@type":"ReadAction","target":["https:\/\/cimeaventure.com\/en\/about\/why-cime-aventure\/the-site\/"]}]},{"@type":"ImageObject","inLanguage":"en-US","@id":"https:\/\/cimeaventure.com\/en\/about\/why-cime-aventure\/the-site\/#primaryimage","url":"https:\/\/cimeaventure.com\/wp-content\/uploads\/2019\/09\/2019-carte-camping-plan-site-recto-verso_3-11.jpg","contentUrl":"https:\/\/cimeaventure.com\/wp-content\/uploads\/2019\/09\/2019-carte-camping-plan-site-recto-verso_3-11.jpg"},{"@type":"BreadcrumbList","@id":"https:\/\/cimeaventure.com\/en\/about\/why-cime-aventure\/the-site\/#breadcrumb","itemListElement":[{"@type":"ListItem","position":1,"name":"Home","item":"https:\/\/cimeaventure.com\/en\/"},{"@type":"ListItem","position":2,"name":"About","item":"https:\/\/cimeaventure.com\/en\/about\/"},{"@type":"ListItem","position":3,"name":"Cime Aventure","item":"https:\/\/cimeaventure.com\/en\/about\/why-cime-aventure\/"},{"@type":"ListItem","position":4,"name":"Campground map"}]},{"@type":"WebSite","@id":"https:\/\/cimeaventure.com\/en\/#website","url":"https:\/\/cimeaventure.com\/en\/","name":"CIME Aventures","description":"Centre de vill\u00e9giature sur la rivi\u00e8re Bonaventure en Gasp\u00e9sie","publisher":{"@id":"https:\/\/cimeaventure.com\/en\/#organization"},"potentialAction":[{"@type":"SearchAction","target":{"@type":"EntryPoint","urlTemplate":"https:\/\/cimeaventure.com\/en\/?s={search_term_string}"},"query-input":"required name=search_term_string"}],"inLanguage":"en-US"},{"@type":"Organization","@id":"https:\/\/cimeaventure.com\/en\/#organization","name":"CIME Aventures","url":"https:\/\/cimeaventure.com\/en\/","logo":{"@type":"ImageObject","inLanguage":"en-US","@id":"https:\/\/cimeaventure.com\/en\/#\/schema\/logo\/image\/","url":"https:\/\/cime-aventures.nyc3.digitaloceanspaces.com\/2024\/03\/logo-square-1.jpg","contentUrl":"https:\/\/cime-aventures.nyc3.digitaloceanspaces.com\/2024\/03\/logo-square-1.jpg","width":633,"height":632,"caption":"CIME Aventures"},"image":{"@id":"https:\/\/cimeaventure.com\/en\/#\/schema\/logo\/image\/"},"sameAs":["https:\/\/www.facebook.com\/cimeaventures","https:\/\/x.com\/CimeAventures","https:\/\/www.youtube.com\/user\/CimeAventure"]}]}},"_links":{"self":[{"href":"https:\/\/cimeaventure.com\/en\/wp-json\/wp\/v2\/pages\/520"}],"collection":[{"href":"https:\/\/cimeaventure.com\/en\/wp-json\/wp\/v2\/pages"}],"about":[{"href":"https:\/\/cimeaventure.com\/en\/wp-json\/wp\/v2\/types\/page"}],"author":[{"embeddable":true,"href":"https:\/\/cimeaventure.com\/en\/wp-json\/wp\/v2\/users\/1"}],"replies":[{"embeddable":true,"href":"https:\/\/cimeaventure.com\/en\/wp-json\/wp\/v2\/comments?post=520"}],"version-history":[{"count":3,"href":"https:\/\/cimeaventure.com\/en\/wp-json\/wp\/v2\/pages\/520\/revisions"}],"predecessor-version":[{"id":36620,"href":"https:\/\/cimeaventure.com\/en\/wp-json\/wp\/v2\/pages\/520\/revisions\/36620"}],"up":[{"embeddable":true,"href":"https:\/\/cimeaventure.com\/en\/wp-json\/wp\/v2\/pages\/319"}],"wp:attachment":[{"href":"https:\/\/cimeaventure.com\/en\/wp-json\/wp\/v2\/media?parent=520"}],"curies":[{"name":"wp","href":"https:\/\/api.w.org\/{rel}","templated":true}]}}